{"id":725,"date":"2024-09-24T15:13:57","date_gmt":"2024-09-24T13:13:57","guid":{"rendered":"https:\/\/in-menz.nl\/vacatures\/"},"modified":"2025-06-19T21:09:41","modified_gmt":"2025-06-19T19:09:41","slug":"vacatures","status":"publish","type":"page","link":"https:\/\/in-menz.nl\/fy-nl\/vacatures\/","title":{"rendered":"Fakatueres"},"content":{"rendered":"<section class=\"l-section wpb_row us_custom_909c212a height_medium with_img\"><div class=\"l-section-img\" role=\"img\" aria-label=\"Image\" data-img-width=\"1920\" data-img-height=\"1080\" style=\"background-image: url(https:\/\/in-menz.nl\/wp-content\/uploads\/2024\/09\/Header-In-Menz.jpg);background-repeat: no-repeat;\"><\/div><div class=\"l-section-h i-cf\"><div class=\"g-cols vc_row via_flex valign_top type_default stacking_default\"><div class=\"vc_col-sm-12 wpb_column vc_column_container\"><div class=\"vc_column-inner\"><div class=\"wpb_wrapper\"><\/div><\/div><\/div><\/div><\/div><\/section><section class=\"l-section wpb_row height_medium\"><div class=\"l-section-h i-cf\"><div class=\"g-cols vc_row via_flex valign_top type_default stacking_default\"><div class=\"vc_col-sm-12 wpb_column vc_column_container\"><div class=\"vc_column-inner\"><div class=\"wpb_wrapper\"><h2 class=\"w-text\"><span class=\"w-text-h\"><span class=\"w-text-value\">Wurkje by In-Menz<\/span><\/span><\/h2><div class=\"wpb_text_column us_custom_c60d7684\"><div class=\"wpb_wrapper\"><p><span>By In-Menz h\u00e2lde wy fan koarte linen en iepen kommunikaasje Sawol foar de klant as binnen de organisaasje Wolsto diel \u00fatmeitsje fan \u00fas ent\u00fbsjaste team? <\/span><a href=\"https:\/\/in-menz.nl\/fy-nl\/us-team\/\">team<\/a><span>? Sjoch oft ien fan \u00fas fakatueres dy oansprekt! As wy gjin fakatueres hawwe, is in iepen sollisitaasje ek altyd wolkom <a href=\"mailto:info@in-menz.nl\" target=\"_blank\" rel=\"noopener\">Stjoer dyn motivaasjebrief mei CV per e-mail nei: info@in-menz.nl .<\/a><\/span><\/p>\n<\/div><\/div><div class=\"w-separator size_medium\"><\/div><div class=\"w-grid us_grid type_grid layout_286 no_results cols_4 preload_style_spinner with_css_animation\" id=\"us_grid_1\" style=\"--columns:4;--gap:0.5rem;\" data-filterable=\"true\"><style>@media (max-width:1380px){#us_grid_1{--columns:3!important}}@media (max-width:768px){#us_grid_1{--columns:2!important}}@media (max-width:600px){#us_grid_1{--columns:1!important}}.layout_286 .w-grid-item-h{border-radius:0rem}.layout_286 .usg_vwrapper_1{padding:10%!important;background:#ecf7f8!important}.layout_286 .usg_post_title_1{color:var(--color-content-secondary)!important;font-size:1.1rem!important;font-family:Calibri Bold!important}@media (min-width:769px) and (max-width:1380px){.layout_286 .usg_vwrapper_1{background:#ecf7f8!important}}@media (min-width:601px) and (max-width:768px){.layout_286 .usg_vwrapper_1{background:#ecf7f8!important}}@media (max-width:600px){.layout_286 .usg_vwrapper_1{background:#ecf7f8!important}}<\/style><div class=\"w-grid-list\"><\/div>\t<div class=\"w-grid-preloader\">\r\n\t\t<div class=\"g-preloader type_1\">\r\n\t\t\t<div><\/div>\r\n\t\t<\/div>\r\n\t<\/div>\r\n\t\t<div class=\"w-grid-json hidden\" onclick='return {&quot;action&quot;:&quot;us_ajax_grid&quot;,&quot;infinite_scroll&quot;:0,&quot;max_num_pages&quot;:0,&quot;pagination&quot;:&quot;none&quot;,&quot;template_vars&quot;:{&quot;columns&quot;:&quot;4&quot;,&quot;exclude_items&quot;:&quot;none&quot;,&quot;img_size&quot;:&quot;default&quot;,&quot;ignore_items_size&quot;:0,&quot;items_layout&quot;:&quot;286&quot;,&quot;items_offset&quot;:&quot;1&quot;,&quot;load_animation&quot;:&quot;afb&quot;,&quot;overriding_link&quot;:&quot;%7B%22url%22%3A%22%22%7D&quot;,&quot;post_id&quot;:0,&quot;query_args&quot;:{&quot;post_type&quot;:[&quot;post&quot;],&quot;tax_query&quot;:[{&quot;taxonomy&quot;:&quot;category&quot;,&quot;field&quot;:&quot;slug&quot;,&quot;terms&quot;:[&quot;fakatueres&quot;]}],&quot;post_status&quot;:[&quot;publish&quot;,&quot;acf-disabled&quot;],&quot;posts_per_page&quot;:&quot;12&quot;},&quot;orderby_query_args&quot;:{&quot;orderby&quot;:{&quot;post__in&quot;:&quot;ASC&quot;},&quot;order&quot;:&quot;ASC&quot;},&quot;type&quot;:&quot;grid&quot;,&quot;us_grid_post_type&quot;:&quot;post&quot;,&quot;us_grid_ajax_index&quot;:1,&quot;us_grid_filter_query_string&quot;:null,&quot;us_grid_index&quot;:1,&quot;page_args&quot;:[],&quot;lang&quot;:&quot;fy-nl&quot;}}'><\/div>\r\n\t<\/div><div class=\"w-grid-none type_message\">No results found.<\/div><\/div><\/div><\/div><\/div><\/div><\/section><section class=\"l-section wpb_row height_medium\"><div class=\"l-section-overlay\" style=\"background:#fdecf5\"><\/div><div class=\"l-section-h i-cf\"><div class=\"g-cols vc_row via_flex valign_top type_default stacking_default\"><div class=\"vc_col-sm-12 wpb_column vc_column_container\"><div class=\"vc_column-inner\"><div class=\"wpb_wrapper\"><h3 class=\"w-text us_custom_eb849559\"><span class=\"w-text-h\"><span class=\"w-text-value\">Reviews<\/span><\/span><\/h3><div class=\"w-grid us_carousel type_carousel layout_76 preload_style_spinner items_3\" id=\"us_grid_2\" style=\"--items:3;--gap:0.5rem;\"><style>.layout_76 .w-grid-item-h{background:#ffffff}.layout_76 .usg_vwrapper_1{padding:2rem!important;background:var(--color-content-bg)!important}.layout_76 .usg_hwrapper_1{margin-bottom:1rem!important}.layout_76 .usg_post_custom_field_1{color:var(--color-content-heading)!important;line-height:1.5!important;font-family:Calibri Bold!important;margin-bottom:0!important}.layout_76 .usg_post_custom_field_2{color:var(--color-content-faded)!important;font-size:0.9rem!important;line-height:1.5!important}<\/style><div class=\"w-grid-list owl-carousel valign_stretch dotstyle_circle navstyle_circle arrows-ver-pos_middle arrows-hor-pos_on_sides_outside arrows-disabled_hide owl-responsive-2000 center_item with_arrows\" style=\"--transition-duration:350ms;--arrows-size:1.5rem;--arrows-hor-offset:calc(0px + 0.5rem);--arrows-gap:10px;\">\t<article class=\"w-grid-item post-857 us_testimonial type-us_testimonial status-publish hentry\" data-id=\"857\">\r\n\t\t<div class=\"w-grid-item-h\">\r\n\t\t\t\t\t\t<div class=\"w-vwrapper usg_vwrapper_1 align_none valign_top\"><div class=\"w-post-elm post_content usg_post_content_1\"><p>Wy binne tige profesjoneel en effektyf holpen by In-Menz. Se leverje soarch op maat. Wy kamen mei \u00fas dochter, dy&#8217;t wat stipe nedich hie fanwegen pesten op skoalle. Der is mei \u00fas meitocht oer wat nedich wie \u2013 ek wy as \u00e2lden krigen stipe en begelieding. Wy binne no in jier dwaande by In-Menz en hawwe hiel wichtige stappen set. Ik ha folslein fertrouwen yn In-Menz en kin mei wissichheid sizze datst hjir terjochte kinst mei dyn soargen, problemen en \u00fatdagings. Ik bin tige tankber!      <\/p>\n<\/div><div class=\"w-hwrapper usg_hwrapper_1 align_none valign_middle\"><div class=\"w-vwrapper usg_vwrapper_2 align_none valign_top\"><div class=\"w-post-elm post_custom_field usg_post_custom_field_1 has_text_color type_text us_testimonial_author\"><span class=\"w-post-elm-value\">Dominika van Eijkelenborg<\/span><\/div><div class=\"w-post-elm post_custom_field usg_post_custom_field_2 has_text_color type_text us_testimonial_role color_link_inherit\"><span class=\"w-post-elm-value\"><\/span><\/div><\/div><\/div><\/div>\t\t<\/div>\r\n\t\t\t<\/article>\r\n\t<article class=\"w-grid-item post-858 us_testimonial type-us_testimonial status-publish hentry\" data-id=\"858\">\r\n\t\t<div class=\"w-grid-item-h\">\r\n\t\t\t\t\t\t<div class=\"w-vwrapper usg_vwrapper_1 align_none valign_top\"><div class=\"w-post-elm post_content usg_post_content_1\"><p>Ik wit net wat wy dien hiene s\u00fbnder In-Menz. Harmke en har kollega\u2019s hawwe \u00fas en de bern mei-inoar sa goed holpen om troch in drege perioade te kommen en dy efter \u00fas te litten. It giet no op alle fronten safolle better!  <\/p>\n<\/div><div class=\"w-hwrapper usg_hwrapper_1 align_none valign_middle\"><div class=\"w-vwrapper usg_vwrapper_2 align_none valign_top\"><div class=\"w-post-elm post_custom_field usg_post_custom_field_1 has_text_color type_text us_testimonial_author\"><span class=\"w-post-elm-value\">Alrik van Eijkelenborg<\/span><\/div><div class=\"w-post-elm post_custom_field usg_post_custom_field_2 has_text_color type_text us_testimonial_role color_link_inherit\"><span class=\"w-post-elm-value\"><\/span><\/div><\/div><\/div><\/div>\t\t<\/div>\r\n\t\t\t<\/article>\r\n\t<article class=\"w-grid-item post-926 us_testimonial type-us_testimonial status-publish hentry\" data-id=\"926\">\r\n\t\t<div class=\"w-grid-item-h\">\r\n\t\t\t\t\t\t<div class=\"w-vwrapper usg_vwrapper_1 align_none valign_top\"><div class=\"w-post-elm post_content usg_post_content_1\"><p>Marijke hat myn beide bern mei NLP behannele nei\u2019t se in traumatyske \u00fbnderfining meimakke hiene. D\u00earby hie myn dochter ek l\u00east fan in slimme foarm fan Tourette. Troch it trauma wie myn soan tige lilk. Dat utere him yn agressyf gedrach. Nei ien behanneling wie er al in stik r\u00eastiger en minder agressyf. Myn dochter giet alle wiken nei Marijke ta en fynt dat tige stypjend.   <\/p>\n<\/div><div class=\"w-hwrapper usg_hwrapper_1 align_none valign_middle\"><div class=\"w-vwrapper usg_vwrapper_2 align_none valign_top\"><div class=\"w-post-elm post_custom_field usg_post_custom_field_1 has_text_color type_text us_testimonial_author\"><span class=\"w-post-elm-value\">Marianne Schouten<\/span><\/div><div class=\"w-post-elm post_custom_field usg_post_custom_field_2 has_text_color type_text us_testimonial_role color_link_inherit\"><span class=\"w-post-elm-value\"><\/span><\/div><\/div><\/div><\/div>\t\t<\/div>\r\n\t\t\t<\/article>\r\n\t<article class=\"w-grid-item post-856 us_testimonial type-us_testimonial status-publish hentry\" data-id=\"856\">\r\n\t\t<div class=\"w-grid-item-h\">\r\n\t\t\t\t\t\t<div class=\"w-vwrapper usg_vwrapper_1 align_none valign_top\"><div class=\"w-post-elm post_content usg_post_content_1\"><p>Ik bin by In-Menz kommen nei in traumatyske \u00fbnderfining, w\u00eartroch\u2019t ik tige bang wie om dingen allinne te dwaan. By it yntakepetear wie elkenien hiel freonlik, se harken goed en tochten mei. Ik krige in fijne terapeut d\u00ear\u2019t ik in goede klik mei hie. It team fan In-Menz hat my hiel goed holpen en ik wie al binnen in lyts jier klear mei de terapy. Nei de terapy fernim ik dat ik net mear bang bin om dingen te dwaan en dat ik my in stik better fiel. Ik bin In-Menz tige tankber foar hoe goed as se my holpen hawwe en dat se altyd foar my klear stiene!<\/p>\n<\/div><div class=\"w-hwrapper usg_hwrapper_1 align_none valign_middle\"><div class=\"w-vwrapper usg_vwrapper_2 align_none valign_top\"><div class=\"w-post-elm post_custom_field usg_post_custom_field_1 has_text_color type_text us_testimonial_author\"><span class=\"w-post-elm-value\">Silke Smeenk<\/span><\/div><div class=\"w-post-elm post_custom_field usg_post_custom_field_2 has_text_color type_text us_testimonial_role color_link_inherit\"><span class=\"w-post-elm-value\"><\/span><\/div><\/div><\/div><\/div>\t\t<\/div>\r\n\t\t\t<\/article>\r\n\t<article class=\"w-grid-item post-859 us_testimonial type-us_testimonial status-publish hentry\" data-id=\"859\">\r\n\t\t<div class=\"w-grid-item-h\">\r\n\t\t\t\t\t\t<div class=\"w-vwrapper usg_vwrapper_1 align_none valign_top\"><div class=\"w-post-elm post_content usg_post_content_1\"><p>Myn bern hawwe kreative terapy h\u00e2n. Tige effektyf as dyn bern f\u00eastsit yn syn emoasjes en it dreech fynt om him ferbaal \u00fat te drukken. Op in boartlike manier krige Marijke in protte los by myn bern en koene se de \u00fbnderfiningen op in \u00fbntspande manier ferwurkje. Marijke fyn ik tige belutsen by de bern en se fielt har goed oan. Sels bin ik tige tefreden oer har fyzje en oanpak.<br \/>Mirjam de Vries    <\/p>\n<\/div><div class=\"w-hwrapper usg_hwrapper_1 align_none valign_middle\"><div class=\"w-vwrapper usg_vwrapper_2 align_none valign_top\"><div class=\"w-post-elm post_custom_field usg_post_custom_field_1 has_text_color type_text us_testimonial_author\"><span class=\"w-post-elm-value\">Mirjam de Vries<\/span><\/div><div class=\"w-post-elm post_custom_field usg_post_custom_field_2 has_text_color type_text us_testimonial_role color_link_inherit\"><span class=\"w-post-elm-value\"><\/span><\/div><\/div><\/div><\/div>\t\t<\/div>\r\n\t\t\t<\/article>\r\n\t<article class=\"w-grid-item post-860 us_testimonial type-us_testimonial status-publish hentry\" data-id=\"860\">\r\n\t\t<div class=\"w-grid-item-h\">\r\n\t\t\t\t\t\t<div class=\"w-vwrapper usg_vwrapper_1 align_none valign_top\"><div class=\"w-post-elm post_content usg_post_content_1\"><p>Lisette is immen dy\u2019t my echt sjoen en heard hat yn wa\u2019t ik bin. Se koe my goede rie jaan. Wy koene ek wol laitsje en luchtige petearen hawwe. Lisette koe hiel d\u00fadlik w\u00eaze en as it nedich wie, pakte se ek echt troch \u2013 bygelyks mei in opdracht. Se koe har goed ynlibje yn wat ik meimakke hie en wat ik op dat stuit meimakke. Ik f\u00fbn it altyd hiel noflik by Lisette en fielde my altyd op myn gemak.<br \/>\n<b><\/b><\/p>\n<\/div><div class=\"w-hwrapper usg_hwrapper_1 align_none valign_middle\"><div class=\"w-vwrapper usg_vwrapper_2 align_none valign_top\"><div class=\"w-post-elm post_custom_field usg_post_custom_field_1 has_text_color type_text us_testimonial_author\"><span class=\"w-post-elm-value\">Anonym<\/span><\/div><div class=\"w-post-elm post_custom_field usg_post_custom_field_2 has_text_color type_text us_testimonial_role color_link_inherit\"><span class=\"w-post-elm-value\"><\/span><\/div><\/div><\/div><\/div>\t\t<\/div>\r\n\t\t\t<\/article>\r\n\t<article class=\"w-grid-item post-861 us_testimonial type-us_testimonial status-publish hentry\" data-id=\"861\">\r\n\t\t<div class=\"w-grid-item-h\">\r\n\t\t\t\t\t\t<div class=\"w-vwrapper usg_vwrapper_1 align_none valign_top\"><div class=\"w-post-elm post_content usg_post_content_1\"><p>Myn \u00fbnderfining by In-Menz wie tige posityf. Ik soe dizze ynstelling fan herten oanriede oan elkenien dy\u2019t op syk is nei in profesjonele en goede therapeut. Wat benammen moai is, is dat ik altyd goed holpen wurd mei alles wat ik nedich ha.  <\/p>\n<\/div><div class=\"w-hwrapper usg_hwrapper_1 align_none valign_middle\"><div class=\"w-vwrapper usg_vwrapper_2 align_none valign_top\"><div class=\"w-post-elm post_custom_field usg_post_custom_field_1 has_text_color type_text us_testimonial_author\"><span class=\"w-post-elm-value\">Anonym<\/span><\/div><div class=\"w-post-elm post_custom_field usg_post_custom_field_2 has_text_color type_text us_testimonial_role color_link_inherit\"><span class=\"w-post-elm-value\"><\/span><\/div><\/div><\/div><\/div>\t\t<\/div>\r\n\t\t\t<\/article>\r\n<\/div><div class=\"w-grid-carousel-json hidden\" onclick='return {&quot;carousel_settings&quot;:{&quot;aria_labels&quot;:{&quot;prev&quot;:&quot;Previous&quot;,&quot;next&quot;:&quot;Next&quot;},&quot;autoplayContinual&quot;:false,&quot;autoplayHoverPause&quot;:false,&quot;autoplayTimeout&quot;:3000,&quot;autoWidth&quot;:false,&quot;smartSpeed&quot;:350,&quot;margin&quot;:0,&quot;mouseDrag&quot;:true,&quot;rtl&quot;:false,&quot;slideBy&quot;:&quot;1&quot;,&quot;touchDrag&quot;:true,&quot;slideTransition&quot;:&quot;&quot;,&quot;responsive&quot;:{&quot;0&quot;:{&quot;autoHeight&quot;:false,&quot;autoplay&quot;:false,&quot;autoWidth&quot;:false,&quot;center&quot;:false,&quot;dots&quot;:true,&quot;items&quot;:1,&quot;loop&quot;:true,&quot;nav&quot;:false,&quot;stagePadding&quot;:0,&quot;slideBy&quot;:&quot;1&quot;},&quot;601&quot;:{&quot;autoHeight&quot;:false,&quot;autoplay&quot;:false,&quot;autoWidth&quot;:false,&quot;center&quot;:false,&quot;dots&quot;:false,&quot;items&quot;:2,&quot;loop&quot;:true,&quot;nav&quot;:true,&quot;stagePadding&quot;:0,&quot;slideBy&quot;:&quot;1&quot;},&quot;769&quot;:{&quot;autoHeight&quot;:false,&quot;autoplay&quot;:false,&quot;autoWidth&quot;:false,&quot;center&quot;:false,&quot;dots&quot;:false,&quot;items&quot;:3,&quot;loop&quot;:true,&quot;nav&quot;:true,&quot;stagePadding&quot;:0,&quot;slideBy&quot;:&quot;1&quot;},&quot;1381&quot;:{&quot;items&quot;:3,&quot;autoplay&quot;:false,&quot;center&quot;:true,&quot;dots&quot;:false,&quot;nav&quot;:true,&quot;autoHeight&quot;:false,&quot;autoWidth&quot;:false,&quot;loop&quot;:true,&quot;stagePadding&quot;:0}}}}'><\/div><\/div><\/div><\/div><\/div><\/div><\/div><\/section>\n\n","protected":false},"excerpt":{"rendered":"Myn \u00fbnderfining by In-Menz wie tige posityf. Ik soe dizze ynstelling fan herten oanriede oan elkenien dy\u2019t op syk is nei in profesjonele en goede therapeut. Wat benammen moai is, is dat ik altyd goed holpen wurd mei alles wat ik nedich ha.","protected":false},"author":1,"featured_media":0,"parent":0,"menu_order":0,"comment_status":"closed","ping_status":"closed","template":"","meta":{"_acf_changed":false,"footnotes":""},"class_list":["post-725","page","type-page","status-publish","hentry"],"acf":[],"_links":{"self":[{"href":"https:\/\/in-menz.nl\/fy-nl\/wp-json\/wp\/v2\/pages\/725","targetHints":{"allow":["GET"]}}],"collection":[{"href":"https:\/\/in-menz.nl\/fy-nl\/wp-json\/wp\/v2\/pages"}],"about":[{"href":"https:\/\/in-menz.nl\/fy-nl\/wp-json\/wp\/v2\/types\/page"}],"author":[{"embeddable":true,"href":"https:\/\/in-menz.nl\/fy-nl\/wp-json\/wp\/v2\/users\/1"}],"replies":[{"embeddable":true,"href":"https:\/\/in-menz.nl\/fy-nl\/wp-json\/wp\/v2\/comments?post=725"}],"version-history":[{"count":0,"href":"https:\/\/in-menz.nl\/fy-nl\/wp-json\/wp\/v2\/pages\/725\/revisions"}],"wp:attachment":[{"href":"https:\/\/in-menz.nl\/fy-nl\/wp-json\/wp\/v2\/media?parent=725"}],"curies":[{"name":"wp","href":"https:\/\/api.w.org\/{rel}","templated":true}]}}