{"id":757,"date":"2024-09-24T13:44:14","date_gmt":"2024-09-24T11:44:14","guid":{"rendered":"https:\/\/in-menz.nl\/ferwizers\/"},"modified":"2025-06-13T17:02:43","modified_gmt":"2025-06-13T15:02:43","slug":"ferwizers","status":"publish","type":"page","link":"https:\/\/in-menz.nl\/fy-nl\/ferwizers\/","title":{"rendered":"Ferwizers"},"content":{"rendered":"<section class=\"l-section wpb_row us_custom_909c212a height_medium with_img\"><div class=\"l-section-img\" role=\"img\" aria-label=\"Image\" data-img-width=\"2560\" data-img-height=\"1627\" style=\"background-image: url(https:\/\/in-menz.nl\/wp-content\/uploads\/2024\/11\/family-playing-building-toys-by-parents-bonding-living-room-floor-learning-relax-creative-puzzle-education-child-development-people-teaching-kids-with-shapes-color-blocks-scaled.jpg);background-repeat: no-repeat;\"><\/div><div class=\"l-section-h i-cf\"><div class=\"g-cols vc_row via_flex valign_top type_default stacking_default\"><div class=\"vc_col-sm-12 wpb_column vc_column_container\"><div class=\"vc_column-inner\"><div class=\"wpb_wrapper\"><\/div><\/div><\/div><\/div><\/div><\/section><section class=\"l-section wpb_row height_medium\"><div class=\"l-section-h i-cf\"><div class=\"g-cols vc_row via_flex valign_top type_default stacking_default\"><div class=\"vc_col-sm-12 wpb_column vc_column_container\"><div class=\"vc_column-inner\"><div class=\"wpb_wrapper\"><h2 class=\"w-text\"><span class=\"w-text-h\"><span class=\"w-text-value\">Ferwizers<\/span><\/span><\/h2><div class=\"wpb_text_column us_custom_c60d7684\"><div class=\"wpb_wrapper\"><p><span><span class=\"\">Binnen In-Menz wurkje wy mei metoaden en yntervinsjes dy&#8217;t effektyf binne neffens it Nederlands Jeugd Instituut (NJi). <\/span><\/span><br \/><span><span class=\"\">Meiwurkers fan In-Menz binne oplaat yn &#8216;e \u00fbndersteande metoaden en yntervinsjes en folgje yntervyzje en training om kennis te beh\u00e2lden.<\/span><\/span><\/p>\n<\/div><\/div><div class=\"w-separator size_medium\"><\/div><div class=\"wpb_text_column us_custom_4e55af8d has_text_color\"><div class=\"wpb_wrapper\"><div class=\"wpb_text_column us_custom_4e55af8d has_text_color\">\n<div class=\"wpb_wrapper\">\n<h4><span>Kontraktearre binnen de spesjalistyske jeugdsoarch<\/span><\/h4>\n<\/div>\n<\/div>\n<div class=\"wpb_text_column\">\n<div class=\"wpb_wrapper\">\n<p>&nbsp;<\/p>\n<\/div>\n<\/div>\n<\/div><\/div><div class=\"wpb_text_column\"><div class=\"wpb_wrapper\"><div class=\"wpb_text_column\">\n<div class=\"wpb_wrapper\">\n<p><span>Wy fan In-Menz hawwe in kontrakt mei it Sosjaal Domein Frysl\u00e2n (SDF) foar\u00a0 Spesjalistyske jeugdsoarch, koartduorjende \u00fbndersteuning en duorsume (langduorjende) \u00fbndersteuning. Om rjocht te hawwen op dizze fergoede soarch kinne \u00e2lden gebr\u00fbk meitsje fan in ferwizingsbrief fan harren h\u00fasarts, bernedokter of jeugdarts of fia in besl\u00fat fan it gebietsteam. Foar mear ynformaasje hjiroer kinne jo kontakt mei \u00fas opnimme.<\/span><\/p>\n<\/div>\n<\/div>\n<\/div><\/div><div class=\"w-separator size_small\"><\/div><div class=\"wpb_text_column us_custom_4e55af8d has_text_color\"><div class=\"wpb_wrapper\"><div class=\"wpb_text_column us_custom_4e55af8d has_text_color\">\n<div class=\"wpb_wrapper\">\n<h4><span>Spesjalistyske jeugdsoarch troch In-Menz<\/span><\/h4>\n<\/div>\n<\/div>\n<\/div><\/div><div class=\"wpb_text_column\"><div class=\"wpb_wrapper\"><div class=\"wpb_text_column\">\n<div class=\"wpb_wrapper\">\n<p><span>Foar jongeren en\/of \u00e2lden dy&#8217;t ekstra \u00fbndersteuning nedich hawwe en om spanningen binnen it gesin op te lossen en slimmer foar te kommen. Op gr\u00fbn fan prinsipes fan byldzjende keunstterapy d\u00ear&#8217;t dwaan, belibjen en learen sintraal stean.<\/span><\/p>\n<\/div>\n<\/div>\n<\/div><\/div><div class=\"w-separator size_small\"><\/div><div class=\"wpb_text_column us_custom_4e55af8d has_text_color\"><div class=\"wpb_wrapper\"><h4><span>Doelgroep<\/span><\/h4>\n<\/div><\/div><div class=\"wpb_text_column\"><div class=\"wpb_wrapper\"><ul>\n<li><span>Bern\/\u00e2lden dy&#8217;t harren selsbetrouwen fergrutsje wolle en harren selsbyld ferbetterje wolle<\/span><\/li>\n<li><span>Gesinnen mei jonge \u00e2lders (tienermemmen)<\/span><\/li>\n<li><span>Gearstalde gesinnen<\/span><\/li>\n<li><span>Ien-\u00e2ldergesinnen<\/span><\/li>\n<\/ul>\n<\/div><\/div><div class=\"w-separator size_small\"><\/div><div class=\"wpb_text_column us_custom_4e55af8d has_text_color\"><div class=\"wpb_wrapper\"><div class=\"wpb_text_column us_custom_4e55af8d has_text_color\">\n<div class=\"wpb_wrapper\">\n<h4><span>W\u00earom In-Menz?<\/span><\/h4>\n<\/div>\n<\/div>\n<\/div><\/div><div class=\"wpb_text_column\"><div class=\"wpb_wrapper\"><ul>\n<li><span>Erfaren en registrearre behannelers mei in brede kennis op it m\u00ead fan ferskillende psychyske en\/of gedrachsproblematiken<\/span><\/li>\n<li><span>Begelieding oan h\u00fbs: leechdrompelich, oanslutend op de mooglikheden en ynteresses binnen it gesin<\/span><\/li>\n<li><span>Koart, middel of yntinsyf: minimaal 12 wiken, maksimaal 20 wiken of langer as 1 jier. Yndividueel of it hiele gesin<\/span><\/li>\n<li><span>Wurkje mei 1 (of 2) f\u00easte terapeut(en): koarte linen, direkte en iepen kommunikaasje<\/span><\/li>\n<\/ul>\n<\/div><\/div><div class=\"w-separator size_small\"><\/div><\/div><\/div><\/div><\/div><\/div><\/section><section class=\"l-section wpb_row height_medium color_alternate\"><div class=\"l-section-h i-cf\"><div class=\"g-cols vc_row via_flex valign_top type_default stacking_default\"><div class=\"vc_col-sm-6 wpb_column vc_column_container\"><div class=\"vc_column-inner\"><div class=\"wpb_wrapper\"><div class=\"wpb_text_column us_custom_4e55af8d has_text_color\"><div class=\"wpb_wrapper\"><div class=\"wpb_text_column us_custom_4e55af8d has_text_color\">\n<div class=\"wpb_wrapper\">\n<h4><b>Ynkl\u00fazje kritearia<\/b><\/h4>\n<\/div>\n<\/div>\n<\/div><\/div><div class=\"wpb_text_column\"><div class=\"wpb_wrapper\"><p><span>Hjir\u00fbnder in opsomming fan de kritearia w\u00earmei&#8217;t kli\u00efnten yn oanmerking komme foar soarch troch In-Menz. Us fyzje is om der sa folle mooglik foar elkenien te w\u00eazen.<\/span><br \/><span>Wy biede soarch oan kli\u00efnten fan alle leeftiden mei lytse en gruttere helpfragen. Us ekspertize beslacht de spesjalistyske jeugdzorg: diagnostyk, behanneling, ambulante helpferliening en by psychyske, emosjonele of sosjale problemen. Hjir\u00fbnder in opsomming fan gebieten d\u00ear&#8217;t helpfragen \u00fbnder oare op rjochte w\u00eaze kinne:<\/span><\/p>\n<ul>\n<li><span>Problemen mei selsbyld<\/span><\/li>\n<li><span>Untwikkelingsproblemen<\/span><\/li>\n<li><span>AD(H)D\/gedrachsproblemen<\/span><\/li>\n<li><span>Emosjonele problemen (lilkens, fertriet, ferlies)<\/span><\/li>\n<li><span>Autisme<\/span><\/li>\n<li><span>Eangst \/ panyk \/ twang<\/span><\/li>\n<li><span>Stimmingsproblemen (depresje)<\/span><\/li>\n<li><span>Hechting\/trauma<\/span><\/li>\n<li><span>Learproblemen<\/span><\/li>\n<li><span>Persoanlikheidsproblemen, mylde klachten<\/span><\/li>\n<li><span>Systeemproblematyk (gesinsynteraksje \/ skieding \/ Kopp)<\/span><\/li>\n<li><span>\u00c2lden dy\u2019t mear ynsjoch krije wolle yn it hoe en w\u00earom fan <\/span><span>bepaald gedrach fan harren bern en ferlet hawwe fan d\u00fadlike h\u00e2nfetten<\/span><span>\u00a0<\/span><\/li>\n<li><span>\u00c2lden dy\u2019t (opnij) spulplezier mei har bern leare wolle te belibjen<\/span><\/li>\n<li><span>Alders dy&#8217;t werom wolle yn de \u00e2lderposysje<\/span><\/li>\n<li><span>Gesinnen d\u00ear\u2019t \u00fbnderlinge relaasje problematysk ferrinne en d\u00ear\u2019t de koheezje \u00fbntbrekt<\/span><\/li>\n<li><span>Hannelingsrjochte diagnostyk<\/span><\/li>\n<li><span>Sosjale trainingen<\/span><\/li>\n<li><span>Wy kinne in breed oanbod leverje \u00fat de folgjende dissiplines:<\/span><\/li>\n<\/ul>\n<p><span>Ortopedagogen, fakterapeuten, systeemterapeuten, jeugdbehannelers, gesinsbehannelers, EMDR-terapeut en in relaasjeterapeut.<\/span><\/p>\n<p><span>Wy wurkje op lokaasje en op ambulante basis.<\/span><\/p>\n<p class=\"p2\"><span>Alle meiwurkers fan In-Menz hawwe in SKJ-registratie en steane \u00fbnder supervizje fan in orthopedagoog\/systeemterapeut.<\/span><\/p>\n<\/div><\/div><\/div><\/div><\/div><div class=\"vc_col-sm-6 wpb_column vc_column_container\"><div class=\"vc_column-inner\"><div class=\"wpb_wrapper\"><div class=\"wpb_text_column us_custom_4e55af8d has_text_color\"><div class=\"wpb_wrapper\"><div class=\"wpb_text_column us_custom_4e55af8d has_text_color\">\n<div class=\"wpb_wrapper\">\n<h4><span>\u00datslutings kritearia<\/span><\/h4>\n<\/div>\n<\/div>\n<\/div><\/div><div class=\"wpb_text_column\"><div class=\"wpb_wrapper\"><p><span>Hjir\u00fbnder beskriuwe wy de kritearia fan kli\u00efnten oan wa&#8217;t wy\u00a0 net de soarch leverje kinne dy&#8217;t se nedich hawwe. Us kader wurdt benammen bepaald troch it feit dat wy \u00fas wurk dogge yn in ambulante setting, d\u00ear&#8217;t gjin beskikberens fan in psychiater is.<\/span><\/p>\n<p>&nbsp;<\/p>\n<ul>\n<li><span>Kli\u00efnten dy\u2019t (slim) su\u00efsidaal of krisisgefoelich binne; der is gjin mooglikheid foar krisissoarch. Wy wurkje op \u00f4fspraakbasis en binne berikber op wurkdeis \u00fbnder kantoaroeren.<\/span><\/li>\n<li><span>Kli\u00efnten mei aktuele psychiatryske problematyk en dy&#8217;t ek psychiatryske konsultaasje nedich binne, sa as \u00fbnder oare psychoaze\/skizofreny\/waanstoarnis<\/span><\/li>\n<li><span>Slimme automutilaasje<\/span><\/li>\n<li><span>Kli\u00efnten mei oermjittich gebr\u00fbk fan middels lykas alkohol en drugs.<\/span><\/li>\n<li><span>Kli\u00efnten mei in grutte soarchfraach op ferskate libbensgebieten; wy hawwe gjin mooglikheid foar deibehanneling of klinyske opnames.<\/span><\/li>\n<li><span>Kli\u00efnten mei foars risiko- en grinsoerskriedend gedrach<\/span><\/li>\n<li><span>Kli\u00efnten mei foarse klachten troch persoanlikheidsproblematyk<\/span><\/li>\n<li><span>Gesinssystemen d\u00ear\u2019t sprake by is fan akute \u00fbnfeiligens<\/span><\/li>\n<li><span>Kli\u00efnten mei foarse motivaasjeproblemen.<\/span><\/li>\n<\/ul>\n<p><span>Der binne oare organisaasjes dy&#8217;t better ynrjochte binne om minsken mei dizze spesifike helpfragen op in ferantwurde manier helpe te kinnen. As it nedich is, kinne wy meitinke oer w\u00ear&#8217;t de soarchfraach better passe soe. Jo kinne op elk momint kontakt mei \u00fas opnimme, sadat wy meitinke kinne. Wy hawwe in grut netwurk yn de soarch.<\/span><\/p>\n<p><strong><span><span style=\"color: #e6007e;\"><img loading=\"lazy\" decoding=\"async\" class=\"wp-image-582 alignleft\" src=\"http:\/\/in-menz.morecomm.nl\/wp-content\/uploads\/2024\/11\/Kiwa-ISO-9001-logo-NL-157x300.jpg\" alt=\"\" width=\"86\" height=\"164\" srcset=\"https:\/\/in-menz.nl\/wp-content\/uploads\/2024\/11\/Kiwa-ISO-9001-logo-NL-157x300.jpg 157w, https:\/\/in-menz.nl\/wp-content\/uploads\/2024\/11\/Kiwa-ISO-9001-logo-NL-26x50.jpg 26w, https:\/\/in-menz.nl\/wp-content\/uploads\/2024\/11\/Kiwa-ISO-9001-logo-NL.jpg 526w\" sizes=\"auto, (max-width: 86px) 100vw, 86px\" \/><\/span>In-Menz hat de jierlikse\u00a0 kwaliteitskontr\u00f4le neffens ISO noarmen trochr\u00fbn en de basis is goed yn oarder, d\u00ear binne wy \u200b\u200bas In-Menz tige grutsk op!<\/span><\/strong><\/p>\n<\/div><\/div><\/div><\/div><\/div><\/div><\/div><\/section><section class=\"l-section wpb_row height_medium\"><div class=\"l-section-overlay\" style=\"background:#fdecf5\"><\/div><div class=\"l-section-h i-cf\"><div class=\"g-cols vc_row via_flex valign_top type_default stacking_default\"><div class=\"vc_col-sm-12 wpb_column vc_column_container\"><div class=\"vc_column-inner\"><div class=\"wpb_wrapper\"><h3 class=\"w-text us_custom_eb849559\"><span class=\"w-text-h\"><span class=\"w-text-value\">Reviews<\/span><\/span><\/h3><div class=\"w-grid us_carousel type_carousel layout_76 preload_style_spinner items_3\" id=\"us_grid_1\" style=\"--items:3;--gap:0.5rem;\"><style>.layout_76 .w-grid-item-h{background:#ffffff}.layout_76 .usg_vwrapper_1{padding:2rem!important;background:var(--color-content-bg)!important}.layout_76 .usg_hwrapper_1{margin-bottom:1rem!important}.layout_76 .usg_post_custom_field_1{color:var(--color-content-heading)!important;line-height:1.5!important;font-family:Calibri Bold!important;margin-bottom:0!important}.layout_76 .usg_post_custom_field_2{color:var(--color-content-faded)!important;font-size:0.9rem!important;line-height:1.5!important}<\/style><div class=\"w-grid-list owl-carousel valign_stretch dotstyle_circle navstyle_circle arrows-ver-pos_middle arrows-hor-pos_on_sides_outside arrows-disabled_hide owl-responsive-2000 center_item with_arrows\" style=\"--transition-duration:350ms;--arrows-size:1.5rem;--arrows-hor-offset:calc(0px + 0.5rem);--arrows-gap:10px;\">\t<article class=\"w-grid-item post-857 us_testimonial type-us_testimonial status-publish hentry\" data-id=\"857\">\r\n\t\t<div class=\"w-grid-item-h\">\r\n\t\t\t\t\t\t<div class=\"w-vwrapper usg_vwrapper_1 align_none valign_top\" style=\"--vwrapper-gap:0.7rem\"><div class=\"w-post-elm post_content usg_post_content_1\"><p>Wy binne tige profesjoneel en effektyf holpen by In-Menz. Se leverje soarch op maat. Wy kamen mei \u00fas dochter, dy&#8217;t wat stipe nedich hie fanwegen pesten op skoalle. Der is mei \u00fas meitocht oer wat nedich wie \u2013 ek wy as \u00e2lden krigen stipe en begelieding. Wy binne no in jier dwaande by In-Menz en hawwe hiel wichtige stappen set. Ik ha folslein fertrouwen yn In-Menz en kin mei wissichheid sizze datst hjir terjochte kinst mei dyn soargen, problemen en \u00fatdagings. Ik bin tige tankber!      <\/p>\n<\/div><div class=\"w-hwrapper usg_hwrapper_1 align_none valign_middle\" style=\"--hwrapper-gap:1.2rem\"><div class=\"w-vwrapper usg_vwrapper_2 align_none valign_top\" style=\"--vwrapper-gap:0.7rem\"><div class=\"w-post-elm post_custom_field usg_post_custom_field_1 has_text_color type_text us_testimonial_author\"><span class=\"w-post-elm-value\">Dominika van Eijkelenborg<\/span><\/div><div class=\"w-post-elm post_custom_field usg_post_custom_field_2 has_text_color type_text us_testimonial_role color_link_inherit\"><span class=\"w-post-elm-value\"><\/span><\/div><\/div><\/div><\/div>\t\t<\/div>\r\n\t\t\t<\/article>\r\n\t<article class=\"w-grid-item post-858 us_testimonial type-us_testimonial status-publish hentry\" data-id=\"858\">\r\n\t\t<div class=\"w-grid-item-h\">\r\n\t\t\t\t\t\t<div class=\"w-vwrapper usg_vwrapper_1 align_none valign_top\" style=\"--vwrapper-gap:0.7rem\"><div class=\"w-post-elm post_content usg_post_content_1\"><p>Ik wit net wat wy dien hiene s\u00fbnder In-Menz. Harmke en har kollega\u2019s hawwe \u00fas en de bern mei-inoar sa goed holpen om troch in drege perioade te kommen en dy efter \u00fas te litten. It giet no op alle fronten safolle better!  <\/p>\n<\/div><div class=\"w-hwrapper usg_hwrapper_1 align_none valign_middle\" style=\"--hwrapper-gap:1.2rem\"><div class=\"w-vwrapper usg_vwrapper_2 align_none valign_top\" style=\"--vwrapper-gap:0.7rem\"><div class=\"w-post-elm post_custom_field usg_post_custom_field_1 has_text_color type_text us_testimonial_author\"><span class=\"w-post-elm-value\">Alrik van Eijkelenborg<\/span><\/div><div class=\"w-post-elm post_custom_field usg_post_custom_field_2 has_text_color type_text us_testimonial_role color_link_inherit\"><span class=\"w-post-elm-value\"><\/span><\/div><\/div><\/div><\/div>\t\t<\/div>\r\n\t\t\t<\/article>\r\n\t<article class=\"w-grid-item post-926 us_testimonial type-us_testimonial status-publish hentry\" data-id=\"926\">\r\n\t\t<div class=\"w-grid-item-h\">\r\n\t\t\t\t\t\t<div class=\"w-vwrapper usg_vwrapper_1 align_none valign_top\" style=\"--vwrapper-gap:0.7rem\"><div class=\"w-post-elm post_content usg_post_content_1\"><p>Marijke hat myn beide bern mei NLP behannele nei\u2019t se in traumatyske \u00fbnderfining meimakke hiene. D\u00earby hie myn dochter ek l\u00east fan in slimme foarm fan Tourette. Troch it trauma wie myn soan tige lilk. Dat utere him yn agressyf gedrach. Nei ien behanneling wie er al in stik r\u00eastiger en minder agressyf. Myn dochter giet alle wiken nei Marijke ta en fynt dat tige stypjend.   <\/p>\n<\/div><div class=\"w-hwrapper usg_hwrapper_1 align_none valign_middle\" style=\"--hwrapper-gap:1.2rem\"><div class=\"w-vwrapper usg_vwrapper_2 align_none valign_top\" style=\"--vwrapper-gap:0.7rem\"><div class=\"w-post-elm post_custom_field usg_post_custom_field_1 has_text_color type_text us_testimonial_author\"><span class=\"w-post-elm-value\">Marianne Schouten<\/span><\/div><div class=\"w-post-elm post_custom_field usg_post_custom_field_2 has_text_color type_text us_testimonial_role color_link_inherit\"><span class=\"w-post-elm-value\"><\/span><\/div><\/div><\/div><\/div>\t\t<\/div>\r\n\t\t\t<\/article>\r\n\t<article class=\"w-grid-item post-856 us_testimonial type-us_testimonial status-publish hentry\" data-id=\"856\">\r\n\t\t<div class=\"w-grid-item-h\">\r\n\t\t\t\t\t\t<div class=\"w-vwrapper usg_vwrapper_1 align_none valign_top\" style=\"--vwrapper-gap:0.7rem\"><div class=\"w-post-elm post_content usg_post_content_1\"><p>Ik bin by In-Menz kommen nei in traumatyske \u00fbnderfining, w\u00eartroch\u2019t ik tige bang wie om dingen allinne te dwaan. By it yntakepetear wie elkenien hiel freonlik, se harken goed en tochten mei. Ik krige in fijne terapeut d\u00ear\u2019t ik in goede klik mei hie. It team fan In-Menz hat my hiel goed holpen en ik wie al binnen in lyts jier klear mei de terapy. Nei de terapy fernim ik dat ik net mear bang bin om dingen te dwaan en dat ik my in stik better fiel. Ik bin In-Menz tige tankber foar hoe goed as se my holpen hawwe en dat se altyd foar my klear stiene!<\/p>\n<\/div><div class=\"w-hwrapper usg_hwrapper_1 align_none valign_middle\" style=\"--hwrapper-gap:1.2rem\"><div class=\"w-vwrapper usg_vwrapper_2 align_none valign_top\" style=\"--vwrapper-gap:0.7rem\"><div class=\"w-post-elm post_custom_field usg_post_custom_field_1 has_text_color type_text us_testimonial_author\"><span class=\"w-post-elm-value\">Silke Smeenk<\/span><\/div><div class=\"w-post-elm post_custom_field usg_post_custom_field_2 has_text_color type_text us_testimonial_role color_link_inherit\"><span class=\"w-post-elm-value\"><\/span><\/div><\/div><\/div><\/div>\t\t<\/div>\r\n\t\t\t<\/article>\r\n\t<article class=\"w-grid-item post-859 us_testimonial type-us_testimonial status-publish hentry\" data-id=\"859\">\r\n\t\t<div class=\"w-grid-item-h\">\r\n\t\t\t\t\t\t<div class=\"w-vwrapper usg_vwrapper_1 align_none valign_top\" style=\"--vwrapper-gap:0.7rem\"><div class=\"w-post-elm post_content usg_post_content_1\"><p>Myn bern hawwe kreative terapy h\u00e2n. Tige effektyf as dyn bern f\u00eastsit yn syn emoasjes en it dreech fynt om him ferbaal \u00fat te drukken. Op in boartlike manier krige Marijke in protte los by myn bern en koene se de \u00fbnderfiningen op in \u00fbntspande manier ferwurkje. Marijke fyn ik tige belutsen by de bern en se fielt har goed oan. Sels bin ik tige tefreden oer har fyzje en oanpak.<br \/>Mirjam de Vries    <\/p>\n<\/div><div class=\"w-hwrapper usg_hwrapper_1 align_none valign_middle\" style=\"--hwrapper-gap:1.2rem\"><div class=\"w-vwrapper usg_vwrapper_2 align_none valign_top\" style=\"--vwrapper-gap:0.7rem\"><div class=\"w-post-elm post_custom_field usg_post_custom_field_1 has_text_color type_text us_testimonial_author\"><span class=\"w-post-elm-value\">Mirjam de Vries<\/span><\/div><div class=\"w-post-elm post_custom_field usg_post_custom_field_2 has_text_color type_text us_testimonial_role color_link_inherit\"><span class=\"w-post-elm-value\"><\/span><\/div><\/div><\/div><\/div>\t\t<\/div>\r\n\t\t\t<\/article>\r\n\t<article class=\"w-grid-item post-860 us_testimonial type-us_testimonial status-publish hentry\" data-id=\"860\">\r\n\t\t<div class=\"w-grid-item-h\">\r\n\t\t\t\t\t\t<div class=\"w-vwrapper usg_vwrapper_1 align_none valign_top\" style=\"--vwrapper-gap:0.7rem\"><div class=\"w-post-elm post_content usg_post_content_1\"><p>Lisette is immen dy\u2019t my echt sjoen en heard hat yn wa\u2019t ik bin. Se koe my goede rie jaan. Wy koene ek wol laitsje en luchtige petearen hawwe. Lisette koe hiel d\u00fadlik w\u00eaze en as it nedich wie, pakte se ek echt troch \u2013 bygelyks mei in opdracht. Se koe har goed ynlibje yn wat ik meimakke hie en wat ik op dat stuit meimakke. Ik f\u00fbn it altyd hiel noflik by Lisette en fielde my altyd op myn gemak.<br \/>\n<b><\/b><\/p>\n<\/div><div class=\"w-hwrapper usg_hwrapper_1 align_none valign_middle\" style=\"--hwrapper-gap:1.2rem\"><div class=\"w-vwrapper usg_vwrapper_2 align_none valign_top\" style=\"--vwrapper-gap:0.7rem\"><div class=\"w-post-elm post_custom_field usg_post_custom_field_1 has_text_color type_text us_testimonial_author\"><span class=\"w-post-elm-value\">Anonym<\/span><\/div><div class=\"w-post-elm post_custom_field usg_post_custom_field_2 has_text_color type_text us_testimonial_role color_link_inherit\"><span class=\"w-post-elm-value\"><\/span><\/div><\/div><\/div><\/div>\t\t<\/div>\r\n\t\t\t<\/article>\r\n\t<article class=\"w-grid-item post-861 us_testimonial type-us_testimonial status-publish hentry\" data-id=\"861\">\r\n\t\t<div class=\"w-grid-item-h\">\r\n\t\t\t\t\t\t<div class=\"w-vwrapper usg_vwrapper_1 align_none valign_top\" style=\"--vwrapper-gap:0.7rem\"><div class=\"w-post-elm post_content usg_post_content_1\"><p>Myn \u00fbnderfining by In-Menz wie tige posityf. Ik soe dizze ynstelling fan herten oanriede oan elkenien dy\u2019t op syk is nei in profesjonele en goede therapeut. Wat benammen moai is, is dat ik altyd goed holpen wurd mei alles wat ik nedich ha.  <\/p>\n<\/div><div class=\"w-hwrapper usg_hwrapper_1 align_none valign_middle\" style=\"--hwrapper-gap:1.2rem\"><div class=\"w-vwrapper usg_vwrapper_2 align_none valign_top\" style=\"--vwrapper-gap:0.7rem\"><div class=\"w-post-elm post_custom_field usg_post_custom_field_1 has_text_color type_text us_testimonial_author\"><span class=\"w-post-elm-value\">Anonym<\/span><\/div><div class=\"w-post-elm post_custom_field usg_post_custom_field_2 has_text_color type_text us_testimonial_role color_link_inherit\"><span class=\"w-post-elm-value\"><\/span><\/div><\/div><\/div><\/div>\t\t<\/div>\r\n\t\t\t<\/article>\r\n<\/div><div class=\"w-grid-carousel-json hidden\" onclick='return {&quot;carousel_settings&quot;:{&quot;aria_labels&quot;:{&quot;prev&quot;:&quot;Previous&quot;,&quot;next&quot;:&quot;Next&quot;},&quot;autoplayContinual&quot;:false,&quot;autoplayContinualCss&quot;:false,&quot;autoplayHoverPause&quot;:false,&quot;autoplayTimeout&quot;:3000,&quot;autoWidth&quot;:false,&quot;smartSpeed&quot;:350,&quot;margin&quot;:0,&quot;mouseDrag&quot;:true,&quot;rtl&quot;:false,&quot;slideBy&quot;:&quot;1&quot;,&quot;touchDrag&quot;:true,&quot;slideTransition&quot;:&quot;&quot;,&quot;responsive&quot;:{&quot;0&quot;:{&quot;autoHeight&quot;:false,&quot;autoplay&quot;:false,&quot;autoplayContinualCss&quot;:false,&quot;autoWidth&quot;:false,&quot;center&quot;:false,&quot;dots&quot;:true,&quot;items&quot;:1,&quot;loop&quot;:true,&quot;nav&quot;:false,&quot;stagePadding&quot;:0,&quot;slideBy&quot;:&quot;1&quot;,&quot;touchDrag&quot;:true,&quot;mouseDrag&quot;:true},&quot;601&quot;:{&quot;autoHeight&quot;:false,&quot;autoplay&quot;:false,&quot;autoplayContinualCss&quot;:false,&quot;autoWidth&quot;:false,&quot;center&quot;:false,&quot;dots&quot;:false,&quot;items&quot;:2,&quot;loop&quot;:true,&quot;nav&quot;:true,&quot;stagePadding&quot;:0,&quot;slideBy&quot;:&quot;1&quot;,&quot;touchDrag&quot;:true,&quot;mouseDrag&quot;:true},&quot;769&quot;:{&quot;autoHeight&quot;:false,&quot;autoplay&quot;:false,&quot;autoplayContinualCss&quot;:false,&quot;autoWidth&quot;:false,&quot;center&quot;:false,&quot;dots&quot;:false,&quot;items&quot;:3,&quot;loop&quot;:true,&quot;nav&quot;:true,&quot;stagePadding&quot;:0,&quot;slideBy&quot;:&quot;1&quot;,&quot;touchDrag&quot;:true,&quot;mouseDrag&quot;:true},&quot;1381&quot;:{&quot;items&quot;:3,&quot;autoplay&quot;:false,&quot;autoplayContinualCss&quot;:false,&quot;center&quot;:true,&quot;dots&quot;:false,&quot;nav&quot;:true,&quot;autoHeight&quot;:false,&quot;autoWidth&quot;:false,&quot;loop&quot;:true,&quot;stagePadding&quot;:0}}}}'><\/div><\/div><\/div><\/div><\/div><\/div><\/div><\/section>\n\n","protected":false},"excerpt":{"rendered":"Myn \u00fbnderfining by In-Menz wie tige posityf. Ik soe dizze ynstelling fan herten oanriede oan elkenien dy\u2019t op syk is nei in profesjonele en goede therapeut. Wat benammen moai is, is dat ik altyd goed holpen wurd mei alles wat ik nedich ha.","protected":false},"author":1,"featured_media":0,"parent":0,"menu_order":0,"comment_status":"closed","ping_status":"closed","template":"","meta":{"_acf_changed":false,"footnotes":""},"class_list":["post-757","page","type-page","status-publish","hentry"],"acf":[],"_links":{"self":[{"href":"https:\/\/in-menz.nl\/fy-nl\/wp-json\/wp\/v2\/pages\/757","targetHints":{"allow":["GET"]}}],"collection":[{"href":"https:\/\/in-menz.nl\/fy-nl\/wp-json\/wp\/v2\/pages"}],"about":[{"href":"https:\/\/in-menz.nl\/fy-nl\/wp-json\/wp\/v2\/types\/page"}],"author":[{"embeddable":true,"href":"https:\/\/in-menz.nl\/fy-nl\/wp-json\/wp\/v2\/users\/1"}],"replies":[{"embeddable":true,"href":"https:\/\/in-menz.nl\/fy-nl\/wp-json\/wp\/v2\/comments?post=757"}],"version-history":[{"count":0,"href":"https:\/\/in-menz.nl\/fy-nl\/wp-json\/wp\/v2\/pages\/757\/revisions"}],"wp:attachment":[{"href":"https:\/\/in-menz.nl\/fy-nl\/wp-json\/wp\/v2\/media?parent=757"}],"curies":[{"name":"wp","href":"https:\/\/api.w.org\/{rel}","templated":true}]}}